{"id":214,"date":"2018-03-23T10:06:58","date_gmt":"2018-03-23T10:06:58","guid":{"rendered":"https:\/\/www.themeplanet.club\/?page_id=214"},"modified":"2021-03-12T16:01:44","modified_gmt":"2021-03-12T16:01:44","slug":"regulamin","status":"publish","type":"page","link":"https:\/\/nukleus.pl\/wordpress\/regulamin\/","title":{"rendered":"Regulamin"},"content":{"rendered":"\t\t<div data-elementor-type=\"wp-post\" data-elementor-id=\"214\" class=\"elementor elementor-214\" data-elementor-post-type=\"page\">\n\t\t\t\t\t\t<section class=\"no_anim elementor-section elementor-top-section elementor-element elementor-element-3228cedf elementor-section-boxed elementor-section-height-default elementor-section-height-default\" data-id=\"3228cedf\" data-element_type=\"section\">\n\t\t\t\t\t\t<div class=\"elementor-container elementor-column-gap-default\">\n\t\t\t\t\t<div class=\"no_anim elementor-column elementor-col-100 elementor-top-column elementor-element elementor-element-61ba2fbc\" data-id=\"61ba2fbc\" data-element_type=\"column\">\n\t\t\t<div class=\"elementor-widget-wrap elementor-element-populated\">\n\t\t\t\t\t\t<section class=\"no_anim elementor-section elementor-inner-section elementor-element elementor-element-6635fbea elementor-section-boxed elementor-section-height-default elementor-section-height-default\" data-id=\"6635fbea\" data-element_type=\"section\">\n\t\t\t\t\t\t<div class=\"elementor-container elementor-column-gap-default\">\n\t\t\t\t\t<div class=\"no_anim elementor-column elementor-col-100 elementor-inner-column elementor-element elementor-element-aa9b7d8\" data-id=\"aa9b7d8\" data-element_type=\"column\">\n\t\t\t<div class=\"elementor-widget-wrap elementor-element-populated\">\n\t\t\t\t\t\t<div class=\"elementor-element elementor-element-fe09832 elementor-widget elementor-widget-text-editor\" data-id=\"fe09832\" data-element_type=\"widget\" data-widget_type=\"text-editor.default\">\n\t\t\t\t<div class=\"elementor-widget-container\">\n\t\t\t\t\t\t\t\t\t<p>\u00a71.POSTANOWIENIA OG\u00d3LNE<\/p>\n<p>1.nukleus.pl \u2013 pluginy wordpress, w\u0142a\u015bcicielem jest firma Maciej Trznadel us\u0142ugi informatyczne.<br>2.U\u017cytkownik przed zakupem dowolnego \u015bwiadczenia jest zobowi\u0105zany do akceptacji regulaminu.<br>3.Ka\u017cda osoba dokonuj\u0105ca zakupu (p\u0142ac\u0105ca w sklepie) akceptuje regulamin dotycz\u0105cy P\u0142atno\u015bci.<br>4.Nie odpowiadamy za utracony dost\u0119p do konta.<br>5.Klient po uczynieniu nieodwracalnych zmian w dzia\u0142aniu serwisu poprzez korzystanie z zakupionych us\u0142ug traci mo\u017cliwo\u015b\u0107 skorzystania z prawa odst\u0105pienia od umowy.<\/p>\n<p>\u00a72.P\u0141ATNO\u015aCI<br>1.Us\u0142ugi kupowane s\u0105 na podany przy zakupowanym przedmiocie czas.<br>2.Reklamacje zwi\u0105zane z zakupionymi rangami nale\u017cy kireowa\u0107 na: technik404@gmail.com<br>3.P\u0142atno\u015bci SMS oraz Przelew obs\u0142uguje firma <a href=\"https:\/\/www.cashbill.pl\/\">CashBill S.A [PL].<\/a><br>4.Reklamacje sms premium\/przelew nale\u017cy kierowa\u0107 na: <a href=\"https:\/\/www.cashbill.pl\/kontakt#formularz\">KLIK<\/a><br>5.Reklamacje PaySafeCard nale\u017cy kierowa\u0107 na: <a href=\"https:\/\/www.paysafecard.com\/pl-pl\/pomoc\/formularz-kontaktowy\/\">KLIK<\/a><br>6.U\u017cytkownik akceptuje <a href=\"https:\/\/www.cashbill.pl\/pobierz\">Regulamin Cashbill S.A [PL]<\/a><br>7.U\u017cytkownik akceptuje <a href=\"https:\/\/www.paysafecard.com\/fileadmin\/content\/website_statisch\/footer\/agb\/paysafecard\/TC_PL-paysafecard_10_2013.pdf\">Regulamin PaySafeCard<\/a><\/p>\n<p>\u00a73.ZABRONIONE<br>1.Rozpowszechnanie pobranych materia\u0142\u00f3w<br>2.U\u017cywanie wi\u0119cej ni\u017c jednego konta w sklepie<\/p>\n<p>\u00a74.RODO<br>1.Firma CashBill S.A [PL] mo\u017ce przetwarza\u0107 dane wprowadzane podczas dokonywania zakupu takie jak imi\u0119, nazwisko, numer telefonu<br>2.Zapisujemy w bazie danych informacje o u\u017cytkowniku w celu reklamacji i w celach podatkowych<\/p>\n<p>W\u0142a\u015bcicielem serwisu jest:<br>Maciej Trznadel us\u0142ugi informatyczne<br>NIP: 6842563014<br>REGON: 380654313<br>E-mail: technik404@gmail.com<\/p>\n<p>Ostatnia modyfikacja regulaminu (12.03.2021r)<\/p>\t\t\t\t\t\t\t\t<\/div>\n\t\t\t\t<\/div>\n\t\t\t\t\t<\/div>\n\t\t<\/div>\n\t\t\t\t\t<\/div>\n\t\t<\/section>\n\t\t\t\t\t<\/div>\n\t\t<\/div>\n\t\t\t\t\t<\/div>\n\t\t<\/section>\n\t\t\t\t<section class=\"no_anim elementor-section elementor-top-section elementor-element elementor-element-a2b100a elementor-section-boxed elementor-section-height-default elementor-section-height-default\" data-id=\"a2b100a\" data-element_type=\"section\" data-settings=\"{&quot;background_background&quot;:&quot;gradient&quot;}\">\n\t\t\t\t\t\t<div class=\"elementor-container elementor-column-gap-default\">\n\t\t\t\t\t<div class=\"no_anim elementor-column elementor-col-100 elementor-top-column elementor-element elementor-element-6a2cc81\" data-id=\"6a2cc81\" data-element_type=\"column\">\n\t\t\t<div class=\"elementor-widget-wrap elementor-element-populated\">\n\t\t\t\t\t\t<div class=\"elementor-element elementor-element-1e526d9 elementor-widget elementor-widget-mayosis-theme-testimonial\" data-id=\"1e526d9\" data-element_type=\"widget\" data-settings=\"{&quot;navigation&quot;:&quot;both&quot;}\" data-widget_type=\"mayosis-theme-testimonial.default\">\n\t\t\t\t<div class=\"elementor-widget-container\">\n\t\t\t\t\t\n <!-- Element Code start -->\n \n <div class=\"title--box--full\" style=\"margin-bottom:20px;\">\n                <div class=\"title--promo--box\">\n                    <h3 class=\"section-title\"> <\/h3>\n                        <\/div>\n\n                <div class=\"title--button--box\">\n                                    <\/div>\n            <\/div>\n               <div class=\"testimonal-promo\">\n                                                        <small style=\" color: #c2c9cc;\">Super serwis<\/small>\n                                                        <h2 style=\" color: #ffffff;\">&#34;Super serwis wordpress&#34;<\/h2>\n                                                            <p style=\"color: #c2c9cc;\"><span style=\"color:#ffffff;\">By<\/span> Monika Cie\u015blak<\/p>\n                        \n                <\/div>\n  \t                       \n<div class=\"clearfix\"><\/div>\n      \t\t\t\t<\/div>\n\t\t\t\t<\/div>\n\t\t\t\t\t<\/div>\n\t\t<\/div>\n\t\t\t\t\t<\/div>\n\t\t<\/section>\n\t\t\t\t<section class=\"no_anim elementor-section elementor-top-section elementor-element elementor-element-77973e7 elementor-section-boxed elementor-section-height-default elementor-section-height-default\" data-id=\"77973e7\" data-element_type=\"section\">\n\t\t\t\t\t\t<div class=\"elementor-container elementor-column-gap-default\">\n\t\t\t\t\t<div class=\"no_anim elementor-column elementor-col-100 elementor-top-column elementor-element elementor-element-053d351\" data-id=\"053d351\" data-element_type=\"column\">\n\t\t\t<div class=\"elementor-widget-wrap elementor-element-populated\">\n\t\t\t\t\t\t<div class=\"elementor-element elementor-element-963735c elementor-widget elementor-widget-heading\" data-id=\"963735c\" data-element_type=\"widget\" data-widget_type=\"heading.default\">\n\t\t\t\t<div class=\"elementor-widget-container\">\n\t\t\t\t\t<h3 class=\"elementor-heading-title elementor-size-default\">Want to know more about us?<\/h3>\t\t\t\t<\/div>\n\t\t\t\t<\/div>\n\t\t\t\t<div class=\"elementor-element elementor-element-b97eccb mayosis-align-center elementor-widget elementor-widget-mayosis-single-button\" data-id=\"b97eccb\" data-element_type=\"widget\" data-widget_type=\"mayosis-single-button.default\">\n\t\t\t\t<div class=\"elementor-widget-container\">\n\t\t\t\t\t\n <!-- Element Code start -->\n        <div class=\"elementor-button-area\">\n        <a  class=\"styleone btn btn-primary btn-lg browse-more single_dm_btn\" href=\"http:\/\/teconce.com\" target=\"_blank\" \n                 \n        >Contact  <i class=\"\"><\/i><\/a>\n        <\/div>\n\n\n      \t\t\t\t<\/div>\n\t\t\t\t<\/div>\n\t\t\t\t\t<\/div>\n\t\t<\/div>\n\t\t\t\t\t<\/div>\n\t\t<\/section>\n\t\t\t\t<\/div>\n\t\t","protected":false},"excerpt":{"rendered":"<p>\u00a71.POSTANOWIENIA OG\u00d3LNE 1.nukleus.pl \u2013 pluginy wordpress, w\u0142a\u015bcicielem jest firma Maciej Trznadel us\u0142ugi informatyczne.2.U\u017cytkownik przed zakupem dowolnego \u015bwiadczenia jest zobowi\u0105zany do akceptacji regulaminu.3.Ka\u017cda osoba dokonuj\u0105ca zakupu (p\u0142ac\u0105ca w sklepie) akceptuje regulamin dotycz\u0105cy P\u0142atno\u015bci.4.Nie odpowiadamy za utracony dost\u0119p do konta.5.Klient po uczynieniu nieodwracalnych zmian w dzia\u0142aniu serwisu poprzez korzystanie z zakupionych us\u0142ug traci mo\u017cliwo\u015b\u0107 skorzystania z prawa [&hellip;]<\/p>\n","protected":false},"author":1,"featured_media":0,"parent":0,"menu_order":0,"comment_status":"closed","ping_status":"closed","template":"full-width-template.php","meta":{"_acf_changed":false,"footnotes":""},"class_list":["post-214","page","type-page","status-publish","hentry"],"acf":[],"yoast_head":"<!-- This site is optimized with the Yoast SEO Premium plugin v24.4 (Yoast SEO v24.4) - https:\/\/yoast.com\/wordpress\/plugins\/seo\/ -->\n<title>Regulamin - Nukleus.pl - Pluginy i Wtyczki Wordpress i WooCommerce<\/title>\n<meta name=\"robots\" content=\"index, follow, max-snippet:-1, max-image-preview:large, max-video-preview:-1\" \/>\n<link rel=\"canonical\" href=\"https:\/\/nukleus.pl\/wordpress\/regulamin\/\" \/>\n<meta property=\"og:locale\" content=\"pl_PL\" \/>\n<meta property=\"og:type\" content=\"article\" \/>\n<meta property=\"og:title\" content=\"Regulamin\" \/>\n<meta property=\"og:description\" content=\"\u00a71.POSTANOWIENIA OG\u00d3LNE 1.nukleus.pl \u2013 pluginy wordpress, w\u0142a\u015bcicielem jest firma Maciej Trznadel us\u0142ugi informatyczne.2.U\u017cytkownik przed zakupem dowolnego \u015bwiadczenia jest zobowi\u0105zany do akceptacji regulaminu.3.Ka\u017cda osoba dokonuj\u0105ca zakupu (p\u0142ac\u0105ca w sklepie) akceptuje regulamin dotycz\u0105cy P\u0142atno\u015bci.4.Nie odpowiadamy za utracony dost\u0119p do konta.5.Klient po uczynieniu nieodwracalnych zmian w dzia\u0142aniu serwisu poprzez korzystanie z zakupionych us\u0142ug traci mo\u017cliwo\u015b\u0107 skorzystania z prawa [&hellip;]\" \/>\n<meta property=\"og:url\" content=\"https:\/\/nukleus.pl\/wordpress\/regulamin\/\" \/>\n<meta property=\"og:site_name\" content=\"Nukleus.pl - Pluginy i Wtyczki Wordpress i WooCommerce\" \/>\n<meta property=\"article:modified_time\" content=\"2021-03-12T16:01:44+00:00\" \/>\n<meta name=\"twitter:card\" content=\"summary_large_image\" \/>\n<meta name=\"twitter:label1\" content=\"Szacowany czas czytania\" \/>\n\t<meta name=\"twitter:data1\" content=\"1 minuta\" \/>\n<script type=\"application\/ld+json\" class=\"yoast-schema-graph\">{\"@context\":\"https:\/\/schema.org\",\"@graph\":[{\"@type\":\"WebPage\",\"@id\":\"https:\/\/nukleus.pl\/wordpress\/regulamin\/\",\"url\":\"https:\/\/nukleus.pl\/wordpress\/regulamin\/\",\"name\":\"Regulamin - Nukleus.pl - Pluginy i Wtyczki Wordpress i WooCommerce\",\"isPartOf\":{\"@id\":\"https:\/\/nukleus.pl\/wordpress\/#website\"},\"datePublished\":\"2018-03-23T10:06:58+00:00\",\"dateModified\":\"2021-03-12T16:01:44+00:00\",\"breadcrumb\":{\"@id\":\"https:\/\/nukleus.pl\/wordpress\/regulamin\/#breadcrumb\"},\"inLanguage\":\"pl-PL\",\"potentialAction\":[{\"@type\":\"ReadAction\",\"target\":[\"https:\/\/nukleus.pl\/wordpress\/regulamin\/\"]}]},{\"@type\":\"BreadcrumbList\",\"@id\":\"https:\/\/nukleus.pl\/wordpress\/regulamin\/#breadcrumb\",\"itemListElement\":[{\"@type\":\"ListItem\",\"position\":1,\"name\":\"Home\",\"item\":\"https:\/\/nukleus.pl\/wordpress\/\"},{\"@type\":\"ListItem\",\"position\":2,\"name\":\"Regulamin\"}]},{\"@type\":\"WebSite\",\"@id\":\"https:\/\/nukleus.pl\/wordpress\/#website\",\"url\":\"https:\/\/nukleus.pl\/wordpress\/\",\"name\":\"Nukleus.pl - Pluginy i Wtyczki Wordpress i WooCommerce\",\"description\":\"Znajdziesz tu najlepsze wtyczki takie jak Elementor, WpBakery, Divi i wiele innych!\",\"publisher\":{\"@id\":\"https:\/\/nukleus.pl\/wordpress\/#organization\"},\"potentialAction\":[{\"@type\":\"SearchAction\",\"target\":{\"@type\":\"EntryPoint\",\"urlTemplate\":\"https:\/\/nukleus.pl\/wordpress\/?s={search_term_string}\"},\"query-input\":{\"@type\":\"PropertyValueSpecification\",\"valueRequired\":true,\"valueName\":\"search_term_string\"}}],\"inLanguage\":\"pl-PL\"},{\"@type\":\"Organization\",\"@id\":\"https:\/\/nukleus.pl\/wordpress\/#organization\",\"name\":\"Maciej Trznadel Us\u0142ugi Informatyczne\",\"url\":\"https:\/\/nukleus.pl\/wordpress\/\",\"logo\":{\"@type\":\"ImageObject\",\"inLanguage\":\"pl-PL\",\"@id\":\"https:\/\/nukleus.pl\/wordpress\/#\/schema\/logo\/image\/\",\"url\":\"https:\/\/www.nukleus.pl\/wordpress\/wp-content\/uploads\/2021\/01\/cropped-352nucleus-35000_1280-32x32-1.png\",\"contentUrl\":\"https:\/\/www.nukleus.pl\/wordpress\/wp-content\/uploads\/2021\/01\/cropped-352nucleus-35000_1280-32x32-1.png\",\"width\":32,\"height\":32,\"caption\":\"Maciej Trznadel Us\u0142ugi Informatyczne\"},\"image\":{\"@id\":\"https:\/\/nukleus.pl\/wordpress\/#\/schema\/logo\/image\/\"}}]}<\/script>\n<!-- \/ Yoast SEO Premium plugin. -->","yoast_head_json":{"title":"Regulamin - Nukleus.pl - Pluginy i Wtyczki Wordpress i WooCommerce","robots":{"index":"index","follow":"follow","max-snippet":"max-snippet:-1","max-image-preview":"max-image-preview:large","max-video-preview":"max-video-preview:-1"},"canonical":"https:\/\/nukleus.pl\/wordpress\/regulamin\/","og_locale":"pl_PL","og_type":"article","og_title":"Regulamin","og_description":"\u00a71.POSTANOWIENIA OG\u00d3LNE 1.nukleus.pl \u2013 pluginy wordpress, w\u0142a\u015bcicielem jest firma Maciej Trznadel us\u0142ugi informatyczne.2.U\u017cytkownik przed zakupem dowolnego \u015bwiadczenia jest zobowi\u0105zany do akceptacji regulaminu.3.Ka\u017cda osoba dokonuj\u0105ca zakupu (p\u0142ac\u0105ca w sklepie) akceptuje regulamin dotycz\u0105cy P\u0142atno\u015bci.4.Nie odpowiadamy za utracony dost\u0119p do konta.5.Klient po uczynieniu nieodwracalnych zmian w dzia\u0142aniu serwisu poprzez korzystanie z zakupionych us\u0142ug traci mo\u017cliwo\u015b\u0107 skorzystania z prawa [&hellip;]","og_url":"https:\/\/nukleus.pl\/wordpress\/regulamin\/","og_site_name":"Nukleus.pl - Pluginy i Wtyczki Wordpress i WooCommerce","article_modified_time":"2021-03-12T16:01:44+00:00","twitter_card":"summary_large_image","twitter_misc":{"Szacowany czas czytania":"1 minuta"},"schema":{"@context":"https:\/\/schema.org","@graph":[{"@type":"WebPage","@id":"https:\/\/nukleus.pl\/wordpress\/regulamin\/","url":"https:\/\/nukleus.pl\/wordpress\/regulamin\/","name":"Regulamin - Nukleus.pl - Pluginy i Wtyczki Wordpress i WooCommerce","isPartOf":{"@id":"https:\/\/nukleus.pl\/wordpress\/#website"},"datePublished":"2018-03-23T10:06:58+00:00","dateModified":"2021-03-12T16:01:44+00:00","breadcrumb":{"@id":"https:\/\/nukleus.pl\/wordpress\/regulamin\/#breadcrumb"},"inLanguage":"pl-PL","potentialAction":[{"@type":"ReadAction","target":["https:\/\/nukleus.pl\/wordpress\/regulamin\/"]}]},{"@type":"BreadcrumbList","@id":"https:\/\/nukleus.pl\/wordpress\/regulamin\/#breadcrumb","itemListElement":[{"@type":"ListItem","position":1,"name":"Home","item":"https:\/\/nukleus.pl\/wordpress\/"},{"@type":"ListItem","position":2,"name":"Regulamin"}]},{"@type":"WebSite","@id":"https:\/\/nukleus.pl\/wordpress\/#website","url":"https:\/\/nukleus.pl\/wordpress\/","name":"Nukleus.pl - Pluginy i Wtyczki Wordpress i WooCommerce","description":"Znajdziesz tu najlepsze wtyczki takie jak Elementor, WpBakery, Divi i wiele innych!","publisher":{"@id":"https:\/\/nukleus.pl\/wordpress\/#organization"},"potentialAction":[{"@type":"SearchAction","target":{"@type":"EntryPoint","urlTemplate":"https:\/\/nukleus.pl\/wordpress\/?s={search_term_string}"},"query-input":{"@type":"PropertyValueSpecification","valueRequired":true,"valueName":"search_term_string"}}],"inLanguage":"pl-PL"},{"@type":"Organization","@id":"https:\/\/nukleus.pl\/wordpress\/#organization","name":"Maciej Trznadel Us\u0142ugi Informatyczne","url":"https:\/\/nukleus.pl\/wordpress\/","logo":{"@type":"ImageObject","inLanguage":"pl-PL","@id":"https:\/\/nukleus.pl\/wordpress\/#\/schema\/logo\/image\/","url":"https:\/\/www.nukleus.pl\/wordpress\/wp-content\/uploads\/2021\/01\/cropped-352nucleus-35000_1280-32x32-1.png","contentUrl":"https:\/\/www.nukleus.pl\/wordpress\/wp-content\/uploads\/2021\/01\/cropped-352nucleus-35000_1280-32x32-1.png","width":32,"height":32,"caption":"Maciej Trznadel Us\u0142ugi Informatyczne"},"image":{"@id":"https:\/\/nukleus.pl\/wordpress\/#\/schema\/logo\/image\/"}}]}},"_links":{"self":[{"href":"https:\/\/nukleus.pl\/wordpress\/wp-json\/wp\/v2\/pages\/214","targetHints":{"allow":["GET"]}}],"collection":[{"href":"https:\/\/nukleus.pl\/wordpress\/wp-json\/wp\/v2\/pages"}],"about":[{"href":"https:\/\/nukleus.pl\/wordpress\/wp-json\/wp\/v2\/types\/page"}],"author":[{"embeddable":true,"href":"https:\/\/nukleus.pl\/wordpress\/wp-json\/wp\/v2\/users\/1"}],"replies":[{"embeddable":true,"href":"https:\/\/nukleus.pl\/wordpress\/wp-json\/wp\/v2\/comments?post=214"}],"version-history":[{"count":7,"href":"https:\/\/nukleus.pl\/wordpress\/wp-json\/wp\/v2\/pages\/214\/revisions"}],"predecessor-version":[{"id":3603,"href":"https:\/\/nukleus.pl\/wordpress\/wp-json\/wp\/v2\/pages\/214\/revisions\/3603"}],"wp:attachment":[{"href":"https:\/\/nukleus.pl\/wordpress\/wp-json\/wp\/v2\/media?parent=214"}],"curies":[{"name":"wp","href":"https:\/\/api.w.org\/{rel}","templated":true}]}}