{"id":290,"date":"2018-03-23T10:07:19","date_gmt":"2018-03-23T10:07:19","guid":{"rendered":"https:\/\/www.themeplanet.club\/?page_id=219"},"modified":"2021-03-30T19:45:39","modified_gmt":"2021-03-30T19:45:39","slug":"referencje","status":"publish","type":"page","link":"https:\/\/nukleus.pl\/wordpress\/referencje\/","title":{"rendered":"Referencje"},"content":{"rendered":"\t\t<div data-elementor-type=\"wp-post\" data-elementor-id=\"290\" class=\"elementor elementor-290\" data-elementor-post-type=\"page\">\n\t\t\t\t\t\t<section class=\"no_anim elementor-section elementor-top-section elementor-element elementor-element-a111ddf elementor-section-boxed elementor-section-height-default elementor-section-height-default\" data-id=\"a111ddf\" data-element_type=\"section\">\n\t\t\t\t\t\t<div class=\"elementor-container elementor-column-gap-default\">\n\t\t\t\t\t<div class=\"no_anim elementor-column elementor-col-100 elementor-top-column elementor-element elementor-element-a102ce1\" data-id=\"a102ce1\" data-element_type=\"column\">\n\t\t\t<div class=\"elementor-widget-wrap elementor-element-populated\">\n\t\t\t\t\t\t<div class=\"elementor-element elementor-element-b934497 elementor-widget elementor-widget-mayosis-theme-testimonial\" data-id=\"b934497\" data-element_type=\"widget\" data-settings=\"{&quot;navigation&quot;:&quot;both&quot;}\" data-widget_type=\"mayosis-theme-testimonial.default\">\n\t\t\t\t<div class=\"elementor-widget-container\">\n\t\t\t\t\t\n <!-- Element Code start -->\n \n <div class=\"title--box--full\" style=\"margin-bottom:20px;\">\n                <div class=\"title--promo--box\">\n                    <h3 class=\"section-title\"> <\/h3>\n                        <\/div>\n\n                <div class=\"title--button--box\">\n                                    <\/div>\n            <\/div>\n               <div class=\"testimonal-promo\">\n                                                        <small style=\" color: #878e9c;\">Super serwis<\/small>\n                                                        <h2 style=\" color: #54595f;\">&#34;Super serwis wordpress&#34;<\/h2>\n                                                            <p style=\"color: #878e9c;\"><span style=\"color:#54595f;\">By<\/span> Monika Cie\u015blak<\/p>\n                        \n                <\/div>\n  \t                       \n<div class=\"clearfix\"><\/div>\n      \t\t\t\t<\/div>\n\t\t\t\t<\/div>\n\t\t\t\t\t<\/div>\n\t\t<\/div>\n\t\t\t\t\t<\/div>\n\t\t<\/section>\n\t\t\t\t<section class=\"no_anim elementor-section elementor-top-section elementor-element elementor-element-8174a5d elementor-section-boxed elementor-section-height-default elementor-section-height-default\" data-id=\"8174a5d\" data-element_type=\"section\" data-settings=\"{&quot;background_background&quot;:&quot;gradient&quot;}\">\n\t\t\t\t\t\t<div class=\"elementor-container elementor-column-gap-default\">\n\t\t\t\t\t<div class=\"no_anim elementor-column elementor-col-100 elementor-top-column elementor-element elementor-element-3dfdb53\" data-id=\"3dfdb53\" data-element_type=\"column\">\n\t\t\t<div class=\"elementor-widget-wrap elementor-element-populated\">\n\t\t\t\t\t\t<div class=\"elementor-element elementor-element-4f7d3fe elementor-widget elementor-widget-mayosis-theme-testimonial\" data-id=\"4f7d3fe\" data-element_type=\"widget\" data-settings=\"{&quot;navigation&quot;:&quot;both&quot;}\" data-widget_type=\"mayosis-theme-testimonial.default\">\n\t\t\t\t<div class=\"elementor-widget-container\">\n\t\t\t\t\t\n <!-- Element Code start -->\n \n <div class=\"title--box--full\" style=\"margin-bottom:20px;\">\n                <div class=\"title--promo--box\">\n                    <h3 class=\"section-title\"> <\/h3>\n                        <\/div>\n\n                <div class=\"title--button--box\">\n                                    <\/div>\n            <\/div>\n               <div class=\"testimonal-promo\">\n                                                        <small style=\" color: #c2c9cc;\">Pluginy WooCommerce<\/small>\n                                                        <h2 style=\" color: #ffffff;\">&#34;Pluginy WooCommerce&#34;<\/h2>\n                                                            <p style=\"color: #c2c9cc;\"><span style=\"color:#ffffff;\">By<\/span> Agnieszka Nowak<\/p>\n                        \n                <\/div>\n  \t                       \n<div class=\"clearfix\"><\/div>\n      \t\t\t\t<\/div>\n\t\t\t\t<\/div>\n\t\t\t\t\t<\/div>\n\t\t<\/div>\n\t\t\t\t\t<\/div>\n\t\t<\/section>\n\t\t\t\t<section class=\"no_anim elementor-section elementor-top-section elementor-element elementor-element-78f7e0cd artistic-hero elementor-section-boxed elementor-section-height-default elementor-section-height-default\" data-id=\"78f7e0cd\" data-element_type=\"section\">\n\t\t\t\t\t\t<div class=\"elementor-container elementor-column-gap-default\">\n\t\t\t\t\t<div class=\"no_anim elementor-column elementor-col-100 elementor-top-column elementor-element elementor-element-475703c3\" data-id=\"475703c3\" data-element_type=\"column\">\n\t\t\t<div class=\"elementor-widget-wrap elementor-element-populated\">\n\t\t\t\t\t\t<div class=\"elementor-element elementor-element-143e0af3 elementor-widget elementor-widget-mayosis-theme-hero\" data-id=\"143e0af3\" data-element_type=\"widget\" data-widget_type=\"mayosis-theme-hero.default\">\n\t\t\t\t<div class=\"elementor-widget-container\">\n\t\t\t\t\t\n <!-- Element Code start -->\n       \n  <div class=\"col-md-12  col-xs-12 col-sm-12 mayosis_theme_hero_box\">\n      \n      <div class=\"has_char_anim\">\n                    <h2 class=\"hero-title\">Thousands Of Happy Customers!                    \n                   <span class=\"mhero_counter_main\">                        \n                    <\/span>\n                       <\/h2>\n                       \n                       <\/div>\n                   <div class=\"hero-description has_text_move_anim\">Right all sighed. Deference in on\nPromptness in doctor\u2019s for when in holding reflections, a it them. <br>Loyalty. Because animals it in he set part.<\/div>\n                   \n                   \t\t\t    <\/div>\n        <div class=\"clearfix\"><\/div>\n\n      \t\t\t\t<\/div>\n\t\t\t\t<\/div>\n\t\t\t\t<div class=\"elementor-element elementor-element-3adce0a1 elementor-widget elementor-widget-mayosis-theme-testimonial\" data-id=\"3adce0a1\" data-element_type=\"widget\" data-settings=\"{&quot;navigation&quot;:&quot;both&quot;}\" data-widget_type=\"mayosis-theme-testimonial.default\">\n\t\t\t\t<div class=\"elementor-widget-container\">\n\t\t\t\t\t\n <!-- Element Code start -->\n \n <div class=\"title--box--full\" style=\"margin-bottom:20px;\">\n                <div class=\"title--promo--box\">\n                    <h3 class=\"section-title\"> <\/h3>\n                        <\/div>\n\n                <div class=\"title--button--box\">\n                                    <\/div>\n            <\/div>\n\n\n \n      <div id=\"carousel-testimonial-elmentor\" class=\"elementor-image-carousel-wrapper swiper-container  swiper-container-initialized swiper-container-horizontal carousol-col-three\">\n          \n          <div class=\"mayosis-testimonial-carousel swiper-wrapper\">\n              \n              \n              \n<div class=\"swiper-slide\">\n    <figure class=\"swiper-slide-inner\">'\n                          <div class=\"grid-testimonal-promo\">\n                          <div class=\"testimonial_details\" style=\"color:#c2c9cc;\">\n                         \n                          Jestem webmasterem z wieloletnim do\u015bwiadczeniem. Musz\u0119 przyzna\u0107, \u017ce Pa\u0144stwa oferta jest naprawd\u0119 imponuj\u0105ca. Znajduj\u0119 tu wszystko, czego potrzebuj\u0119 do tworzenia funkcjonalnych i estetycznych stron internetowych opartych na WordPressie.<br \/>\r\n<br \/>\r\nSzczeg\u00f3lnie ceni\u0119 sobie jako\u015b\u0107 oferowanych przez Pa\u0144stwa wtyczek. S\u0105 one starannie zaprojektowane, \u0142atwe w instalacji i konfiguracji, a co najwa\u017cniejsze, dzia\u0142aj\u0105 bez zarzutu. Dzi\u0119ki nim mog\u0119 w prosty spos\u00f3b rozszerzy\u0107 mo\u017cliwo\u015bci mojej strony internetowej o nowe funkcje, takie jak formularze kontaktowe, galerie zdj\u0119\u0107, czy integracj\u0119 z mediami spo\u0142eczno\u015bciowymi.                          \n                          <\/div>\n                          <div class=\"arrow-down\"><\/div>\n    \t\t\n\t\t\t\t\t\n   \t\t\t<div class=\"testimonial-grid-author\">\n   \t\t\t<div class=\"grid_photo text-center\">\n   \t\t\t\t <img fetchpriority=\"high\" decoding=\"async\" width=\"365\" height=\"348\" src=\"https:\/\/nukleus.pl\/wordpress\/wp-content\/uploads\/2019\/03\/chrome_PGLoktcn4y.png\" class=\"img-responsive img-circle grid-thumbnail-left wp-post-image\" alt=\"Osoba3\" srcset=\"https:\/\/nukleus.pl\/wordpress\/wp-content\/uploads\/2019\/03\/chrome_PGLoktcn4y.png 365w, https:\/\/nukleus.pl\/wordpress\/wp-content\/uploads\/2019\/03\/chrome_PGLoktcn4y-300x286.png 300w\" sizes=\"(max-width: 365px) 100vw, 365px\" \/>   \n   \t\t\t<\/div>\n   \t\t\t    \t\t\t<div class=\"testimonial_grid_titles  text-center\">\n    \t\t\t<h4 class=\"grid_main_author\" style=\"color: #3c465a;\">Monika Cie\u015blak<\/h4>\n    \t\t\t<p class=\"grid_designation\" style=\"color: #3c465a;\">Webmaster<\/p>\n    \t\t\t\n    \t\t\t<\/div>\n    \t\t\t<div class=\"clearfix\"><\/div>\n    \t\t\t    \t\t\t<\/div>\n    \t\t\t\n    \t\t\n    \t<\/div>\n    \t<\/figure>\n                          <\/div>\n\n<div class=\"swiper-slide\">\n    <figure class=\"swiper-slide-inner\">'\n                          <div class=\"grid-testimonal-promo\">\n                          <div class=\"testimonial_details\" style=\"color:#c2c9cc;\">\n                         \n                          Jestem w\u0142a\u015bcicielem lokalnej piekarni. Od lat prowadz\u0119 rodzinn\u0105 firm\u0119, w kt\u00f3rej wypiekamy pyszne, tradycyjne pieczywo. Chcia\u0142em, aby moja piekarnia by\u0142a bardziej widoczna w Internecie i dotar\u0142a do szerszego grona klient\u00f3w. W tym celu postanowi\u0142em stworzy\u0107 stron\u0119 internetow\u0105, kt\u00f3ra pozwoli\u0142aby mi zaprezentowa\u0107 moje produkty, a tak\u017ce umo\u017cliwi\u0142a klientom sk\u0142adanie zam\u00f3wie\u0144 online.<br \/>\r\n<br \/>\r\nPa\u0144stwa sklep internetowy okaza\u0142 si\u0119 strza\u0142em w dziesi\u0105tk\u0119! Znajduj\u0119 tu szeroki wyb\u00f3r wtyczek do WordPressa, kt\u00f3re s\u0105 niezwykle pomocne w prowadzeniu mojej strony. Dzi\u0119ki nim mog\u0142em w \u0142atwy spos\u00f3b doda\u0107 do strony m.in. galeri\u0119 zdj\u0119\u0107 z moimi wypiekami, formularz kontaktowy, map\u0119 dojazdu do mojej piekarni oraz system zam\u00f3wie\u0144 online.                          \n                          <\/div>\n                          <div class=\"arrow-down\"><\/div>\n    \t\t\n\t\t\t\t\t\n   \t\t\t<div class=\"testimonial-grid-author\">\n   \t\t\t<div class=\"grid_photo text-center\">\n   \t\t\t\t <img decoding=\"async\" width=\"475\" height=\"429\" src=\"https:\/\/nukleus.pl\/wordpress\/wp-content\/uploads\/2019\/03\/chrome_bFcPHvEfr8.png\" class=\"img-responsive img-circle grid-thumbnail-left wp-post-image\" alt=\"Osoba2\" srcset=\"https:\/\/nukleus.pl\/wordpress\/wp-content\/uploads\/2019\/03\/chrome_bFcPHvEfr8.png 475w, https:\/\/nukleus.pl\/wordpress\/wp-content\/uploads\/2019\/03\/chrome_bFcPHvEfr8-300x271.png 300w\" sizes=\"(max-width: 475px) 100vw, 475px\" \/>   \n   \t\t\t<\/div>\n   \t\t\t    \t\t\t<div class=\"testimonial_grid_titles  text-center\">\n    \t\t\t<h4 class=\"grid_main_author\" style=\"color: #3c465a;\">Piotr Beko<\/h4>\n    \t\t\t<p class=\"grid_designation\" style=\"color: #3c465a;\">W\u0142a\u015bciciel piekarni<\/p>\n    \t\t\t\n    \t\t\t<\/div>\n    \t\t\t<div class=\"clearfix\"><\/div>\n    \t\t\t    \t\t\t<\/div>\n    \t\t\t\n    \t\t\n    \t<\/div>\n    \t<\/figure>\n                          <\/div>\n\n<div class=\"swiper-slide\">\n    <figure class=\"swiper-slide-inner\">'\n                          <div class=\"grid-testimonal-promo\">\n                          <div class=\"testimonial_details\" style=\"color:#c2c9cc;\">\n                         \n                          Prowadz\u0119 ma\u0142y salon fryzjerski. Od d\u0142u\u017cszego czasu my\u015bla\u0142am o za\u0142o\u017ceniu w\u0142asnej strony internetowej, kt\u00f3ra pozwoli\u0142aby mi dotrze\u0107 do wi\u0119kszej liczby klient\u00f3w i zaprezentowa\u0107 moje us\u0142ugi w atrakcyjny spos\u00f3b. Jednak brakowa\u0142o mi wiedzy technicznej, aby samodzielnie stworzy\u0107 tak\u0105 stron\u0119.<br \/>\r\n<br \/>\r\nNa szcz\u0119\u015bcie trafi\u0142am na Pa\u0144stwa sklep, gdzie znalaz\u0142am szeroki wyb\u00f3r wtyczek do WordPressa, kt\u00f3re okaza\u0142y si\u0119 niezwykle pomocne w stworzeniu mojej wymarzonej strony internetowej. Dzi\u0119ki nim mog\u0142am w \u0142atwy spos\u00f3b doda\u0107 do strony m.in. galeri\u0119 zdj\u0119\u0107 z moimi pracami, formularz kontaktowy, system rezerwacji online oraz map\u0119 dojazdu do mojego salonu.                          \n                          <\/div>\n                          <div class=\"arrow-down\"><\/div>\n    \t\t\n\t\t\t\t\t\n   \t\t\t<div class=\"testimonial-grid-author\">\n   \t\t\t<div class=\"grid_photo text-center\">\n   \t\t\t\t <img decoding=\"async\" width=\"430\" height=\"362\" src=\"https:\/\/nukleus.pl\/wordpress\/wp-content\/uploads\/2019\/03\/chrome_xWc0kNc3qA.png\" class=\"img-responsive img-circle grid-thumbnail-left wp-post-image\" alt=\"Osoba3\" srcset=\"https:\/\/nukleus.pl\/wordpress\/wp-content\/uploads\/2019\/03\/chrome_xWc0kNc3qA.png 430w, https:\/\/nukleus.pl\/wordpress\/wp-content\/uploads\/2019\/03\/chrome_xWc0kNc3qA-300x253.png 300w\" sizes=\"(max-width: 430px) 100vw, 430px\" \/>   \n   \t\t\t<\/div>\n   \t\t\t    \t\t\t<div class=\"testimonial_grid_titles  text-center\">\n    \t\t\t<h4 class=\"grid_main_author\" style=\"color: #3c465a;\">Agnieszka Nowak<\/h4>\n    \t\t\t<p class=\"grid_designation\" style=\"color: #3c465a;\">Fryzjerka<\/p>\n    \t\t\t\n    \t\t\t<\/div>\n    \t\t\t<div class=\"clearfix\"><\/div>\n    \t\t\t    \t\t\t<\/div>\n    \t\t\t\n    \t\t\n    \t<\/div>\n    \t<\/figure>\n                          <\/div>\n\n\n\n\t\t\n<\/div>\n\n\t<div class=\"swiper-pagination\"><\/div>\n<div class=\"elementor-swiper-button elementor-swiper-button-prev\">\n\t\t\t\t\t\t<i class=\"eicon-chevron-left\" aria-hidden=\"true\"><\/i>\n\t\t\t\t\t\t<span class=\"elementor-screen-only\">Poprzednie<\/span>\n\t\t\t\t\t<\/div>\n\t\t\t\t\t<div class=\"elementor-swiper-button elementor-swiper-button-next\">\n\t\t\t\t\t\t<i class=\"eicon-chevron-right\" aria-hidden=\"true\"><\/i>\n\t\t\t\t\t\t<span class=\"elementor-screen-only\">Nast\u0119pne<\/span>\n\t\t\t\t\t<\/div>\n\t\t\t\t\t\n\t\t\t\t\t\n\t\t\t\t\t<\/div>\n                  \n        \n<div class=\"clearfix\"><\/div>\n      \t\t\t\t<\/div>\n\t\t\t\t<\/div>\n\t\t\t\t\t<\/div>\n\t\t<\/div>\n\t\t\t\t\t<\/div>\n\t\t<\/section>\n\t\t\t\t<\/div>\n\t\t","protected":false},"excerpt":{"rendered":"","protected":false},"author":1,"featured_media":0,"parent":0,"menu_order":0,"comment_status":"closed","ping_status":"closed","template":"full-width-template.php","meta":{"_acf_changed":false,"footnotes":""},"class_list":["post-290","page","type-page","status-publish","hentry"],"acf":[],"yoast_head":"<!-- This site is optimized with the Yoast SEO Premium plugin v24.4 (Yoast SEO v24.4) - https:\/\/yoast.com\/wordpress\/plugins\/seo\/ -->\n<title>Referencje - Nukleus.pl - Pluginy i Wtyczki Wordpress i WooCommerce<\/title>\n<meta name=\"robots\" content=\"index, follow, max-snippet:-1, max-image-preview:large, max-video-preview:-1\" \/>\n<link rel=\"canonical\" href=\"https:\/\/nukleus.pl\/wordpress\/referencje\/\" \/>\n<meta property=\"og:locale\" content=\"pl_PL\" \/>\n<meta property=\"og:type\" content=\"article\" \/>\n<meta property=\"og:title\" content=\"Referencje\" \/>\n<meta property=\"og:url\" content=\"https:\/\/nukleus.pl\/wordpress\/referencje\/\" \/>\n<meta property=\"og:site_name\" content=\"Nukleus.pl - Pluginy i Wtyczki Wordpress i WooCommerce\" \/>\n<meta property=\"article:modified_time\" content=\"2021-03-30T19:45:39+00:00\" \/>\n<meta name=\"twitter:card\" content=\"summary_large_image\" \/>\n<script type=\"application\/ld+json\" class=\"yoast-schema-graph\">{\"@context\":\"https:\/\/schema.org\",\"@graph\":[{\"@type\":\"WebPage\",\"@id\":\"https:\/\/nukleus.pl\/wordpress\/referencje\/\",\"url\":\"https:\/\/nukleus.pl\/wordpress\/referencje\/\",\"name\":\"Referencje - Nukleus.pl - Pluginy i Wtyczki Wordpress i WooCommerce\",\"isPartOf\":{\"@id\":\"https:\/\/nukleus.pl\/wordpress\/#website\"},\"datePublished\":\"2018-03-23T10:07:19+00:00\",\"dateModified\":\"2021-03-30T19:45:39+00:00\",\"breadcrumb\":{\"@id\":\"https:\/\/nukleus.pl\/wordpress\/referencje\/#breadcrumb\"},\"inLanguage\":\"pl-PL\",\"potentialAction\":[{\"@type\":\"ReadAction\",\"target\":[\"https:\/\/nukleus.pl\/wordpress\/referencje\/\"]}]},{\"@type\":\"BreadcrumbList\",\"@id\":\"https:\/\/nukleus.pl\/wordpress\/referencje\/#breadcrumb\",\"itemListElement\":[{\"@type\":\"ListItem\",\"position\":1,\"name\":\"Home\",\"item\":\"https:\/\/nukleus.pl\/wordpress\/\"},{\"@type\":\"ListItem\",\"position\":2,\"name\":\"Referencje\"}]},{\"@type\":\"WebSite\",\"@id\":\"https:\/\/nukleus.pl\/wordpress\/#website\",\"url\":\"https:\/\/nukleus.pl\/wordpress\/\",\"name\":\"Nukleus.pl - Pluginy i Wtyczki Wordpress i WooCommerce\",\"description\":\"Znajdziesz tu najlepsze wtyczki takie jak Elementor, WpBakery, Divi i wiele innych!\",\"publisher\":{\"@id\":\"https:\/\/nukleus.pl\/wordpress\/#organization\"},\"potentialAction\":[{\"@type\":\"SearchAction\",\"target\":{\"@type\":\"EntryPoint\",\"urlTemplate\":\"https:\/\/nukleus.pl\/wordpress\/?s={search_term_string}\"},\"query-input\":{\"@type\":\"PropertyValueSpecification\",\"valueRequired\":true,\"valueName\":\"search_term_string\"}}],\"inLanguage\":\"pl-PL\"},{\"@type\":\"Organization\",\"@id\":\"https:\/\/nukleus.pl\/wordpress\/#organization\",\"name\":\"Maciej Trznadel Us\u0142ugi Informatyczne\",\"url\":\"https:\/\/nukleus.pl\/wordpress\/\",\"logo\":{\"@type\":\"ImageObject\",\"inLanguage\":\"pl-PL\",\"@id\":\"https:\/\/nukleus.pl\/wordpress\/#\/schema\/logo\/image\/\",\"url\":\"https:\/\/www.nukleus.pl\/wordpress\/wp-content\/uploads\/2021\/01\/cropped-352nucleus-35000_1280-32x32-1.png\",\"contentUrl\":\"https:\/\/www.nukleus.pl\/wordpress\/wp-content\/uploads\/2021\/01\/cropped-352nucleus-35000_1280-32x32-1.png\",\"width\":32,\"height\":32,\"caption\":\"Maciej Trznadel Us\u0142ugi Informatyczne\"},\"image\":{\"@id\":\"https:\/\/nukleus.pl\/wordpress\/#\/schema\/logo\/image\/\"}}]}<\/script>\n<!-- \/ Yoast SEO Premium plugin. -->","yoast_head_json":{"title":"Referencje - Nukleus.pl - Pluginy i Wtyczki Wordpress i WooCommerce","robots":{"index":"index","follow":"follow","max-snippet":"max-snippet:-1","max-image-preview":"max-image-preview:large","max-video-preview":"max-video-preview:-1"},"canonical":"https:\/\/nukleus.pl\/wordpress\/referencje\/","og_locale":"pl_PL","og_type":"article","og_title":"Referencje","og_url":"https:\/\/nukleus.pl\/wordpress\/referencje\/","og_site_name":"Nukleus.pl - Pluginy i Wtyczki Wordpress i WooCommerce","article_modified_time":"2021-03-30T19:45:39+00:00","twitter_card":"summary_large_image","schema":{"@context":"https:\/\/schema.org","@graph":[{"@type":"WebPage","@id":"https:\/\/nukleus.pl\/wordpress\/referencje\/","url":"https:\/\/nukleus.pl\/wordpress\/referencje\/","name":"Referencje - Nukleus.pl - Pluginy i Wtyczki Wordpress i WooCommerce","isPartOf":{"@id":"https:\/\/nukleus.pl\/wordpress\/#website"},"datePublished":"2018-03-23T10:07:19+00:00","dateModified":"2021-03-30T19:45:39+00:00","breadcrumb":{"@id":"https:\/\/nukleus.pl\/wordpress\/referencje\/#breadcrumb"},"inLanguage":"pl-PL","potentialAction":[{"@type":"ReadAction","target":["https:\/\/nukleus.pl\/wordpress\/referencje\/"]}]},{"@type":"BreadcrumbList","@id":"https:\/\/nukleus.pl\/wordpress\/referencje\/#breadcrumb","itemListElement":[{"@type":"ListItem","position":1,"name":"Home","item":"https:\/\/nukleus.pl\/wordpress\/"},{"@type":"ListItem","position":2,"name":"Referencje"}]},{"@type":"WebSite","@id":"https:\/\/nukleus.pl\/wordpress\/#website","url":"https:\/\/nukleus.pl\/wordpress\/","name":"Nukleus.pl - Pluginy i Wtyczki Wordpress i WooCommerce","description":"Znajdziesz tu najlepsze wtyczki takie jak Elementor, WpBakery, Divi i wiele innych!","publisher":{"@id":"https:\/\/nukleus.pl\/wordpress\/#organization"},"potentialAction":[{"@type":"SearchAction","target":{"@type":"EntryPoint","urlTemplate":"https:\/\/nukleus.pl\/wordpress\/?s={search_term_string}"},"query-input":{"@type":"PropertyValueSpecification","valueRequired":true,"valueName":"search_term_string"}}],"inLanguage":"pl-PL"},{"@type":"Organization","@id":"https:\/\/nukleus.pl\/wordpress\/#organization","name":"Maciej Trznadel Us\u0142ugi Informatyczne","url":"https:\/\/nukleus.pl\/wordpress\/","logo":{"@type":"ImageObject","inLanguage":"pl-PL","@id":"https:\/\/nukleus.pl\/wordpress\/#\/schema\/logo\/image\/","url":"https:\/\/www.nukleus.pl\/wordpress\/wp-content\/uploads\/2021\/01\/cropped-352nucleus-35000_1280-32x32-1.png","contentUrl":"https:\/\/www.nukleus.pl\/wordpress\/wp-content\/uploads\/2021\/01\/cropped-352nucleus-35000_1280-32x32-1.png","width":32,"height":32,"caption":"Maciej Trznadel Us\u0142ugi Informatyczne"},"image":{"@id":"https:\/\/nukleus.pl\/wordpress\/#\/schema\/logo\/image\/"}}]}},"_links":{"self":[{"href":"https:\/\/nukleus.pl\/wordpress\/wp-json\/wp\/v2\/pages\/290","targetHints":{"allow":["GET"]}}],"collection":[{"href":"https:\/\/nukleus.pl\/wordpress\/wp-json\/wp\/v2\/pages"}],"about":[{"href":"https:\/\/nukleus.pl\/wordpress\/wp-json\/wp\/v2\/types\/page"}],"author":[{"embeddable":true,"href":"https:\/\/nukleus.pl\/wordpress\/wp-json\/wp\/v2\/users\/1"}],"replies":[{"embeddable":true,"href":"https:\/\/nukleus.pl\/wordpress\/wp-json\/wp\/v2\/comments?post=290"}],"version-history":[{"count":1,"href":"https:\/\/nukleus.pl\/wordpress\/wp-json\/wp\/v2\/pages\/290\/revisions"}],"predecessor-version":[{"id":4338,"href":"https:\/\/nukleus.pl\/wordpress\/wp-json\/wp\/v2\/pages\/290\/revisions\/4338"}],"wp:attachment":[{"href":"https:\/\/nukleus.pl\/wordpress\/wp-json\/wp\/v2\/media?parent=290"}],"curies":[{"name":"wp","href":"https:\/\/api.w.org\/{rel}","templated":true}]}}