{"id":293,"date":"2018-03-23T10:07:53","date_gmt":"2018-03-23T10:07:53","guid":{"rendered":"https:\/\/www.themeplanet.club\/?page_id=225"},"modified":"2021-04-01T09:08:27","modified_gmt":"2021-04-01T09:08:27","slug":"kontakt","status":"publish","type":"page","link":"https:\/\/nukleus.pl\/wordpress\/kontakt\/","title":{"rendered":"Kontakt"},"content":{"rendered":"\t\t<div data-elementor-type=\"wp-post\" data-elementor-id=\"293\" class=\"elementor elementor-293\" data-elementor-post-type=\"page\">\n\t\t\t\t\t\t<section class=\"no_anim elementor-section elementor-top-section elementor-element elementor-element-7694732 elementor-section-boxed elementor-section-height-default elementor-section-height-default\" data-id=\"7694732\" data-element_type=\"section\">\n\t\t\t\t\t\t<div class=\"elementor-container elementor-column-gap-default\">\n\t\t\t\t\t<div class=\"no_anim elementor-column elementor-col-100 elementor-top-column elementor-element elementor-element-3fcdb2d\" data-id=\"3fcdb2d\" data-element_type=\"column\">\n\t\t\t<div class=\"elementor-widget-wrap elementor-element-populated\">\n\t\t\t\t\t\t<div class=\"elementor-element elementor-element-7c6f406 elementor-widget elementor-widget-text-editor\" data-id=\"7c6f406\" data-element_type=\"widget\" data-widget_type=\"text-editor.default\">\n\t\t\t\t<div class=\"elementor-widget-container\">\n\t\t\t\t\t\t\t\t\t<p>Potrzebujesz pluginu lub szablonu kt\u00f3rego nie ma na naszej stronie?<\/p><p>A mo\u017ce potrzebujesz aktualizacji? Napisz do nas a zrobimy co w naszej mocy aby spe\u0142ni\u0107 Twoje potrzeby!<\/p><p>Zalecamy kontakt przez mail <a href=\"mailto:technik404@gmail.com\">technik404@gmail.com<\/a><\/p>\t\t\t\t\t\t\t\t<\/div>\n\t\t\t\t<\/div>\n\t\t\t\t<div class=\"elementor-element elementor-element-f869b13 elementor-widget elementor-widget-text-editor\" data-id=\"f869b13\" data-element_type=\"widget\" data-widget_type=\"text-editor.default\">\n\t\t\t\t<div class=\"elementor-widget-container\">\n\t\t\t\t\t\t\t\t\t\n<div class=\"wpcf7 no-js\" id=\"wpcf7-f81-o1\" lang=\"en-US\" dir=\"ltr\" data-wpcf7-id=\"81\">\n<div class=\"screen-reader-response\"><p role=\"status\" aria-live=\"polite\" aria-atomic=\"true\"><\/p> <ul><\/ul><\/div>\n<form action=\"\/wordpress\/wp-json\/wp\/v2\/pages\/293#wpcf7-f81-o1\" method=\"post\" class=\"wpcf7-form init\" aria-label=\"Contact form\" novalidate=\"novalidate\" data-status=\"init\">\n<fieldset class=\"hidden-fields-container\"><input type=\"hidden\" name=\"_wpcf7\" value=\"81\" \/><input type=\"hidden\" name=\"_wpcf7_version\" value=\"6.1.2\" \/><input type=\"hidden\" name=\"_wpcf7_locale\" value=\"en_US\" \/><input type=\"hidden\" name=\"_wpcf7_unit_tag\" value=\"wpcf7-f81-o1\" \/><input type=\"hidden\" name=\"_wpcf7_container_post\" value=\"0\" \/><input type=\"hidden\" name=\"_wpcf7_posted_data_hash\" value=\"\" \/><input type=\"hidden\" name=\"_wpcf7_recaptcha_response\" value=\"\" \/>\n<\/fieldset>\n<div class=\"row\">\n<div class=\"col-md-9 no-padding-right\">\n<span class=\"wpcf7-form-control-wrap\" data-name=\"your-message\"><textarea cols=\"40\" rows=\"10\" maxlength=\"2000\" class=\"wpcf7-form-control wpcf7-textarea dm_main_text_7\" aria-invalid=\"false\" placeholder=\"Wpisz tu swoj\u0105 wiadomo\u015b\u0107...\" name=\"your-message\"><\/textarea><\/span>\n<\/div>\n<div class=\"col-md-3\">\n<span class=\"wpcf7-form-control-wrap\" data-name=\"your-name\"><input size=\"40\" maxlength=\"400\" class=\"wpcf7-form-control wpcf7-text dm_main_name_7\" aria-invalid=\"false\" placeholder=\"Imi\u0119\" value=\"\" type=\"text\" name=\"your-name\" \/><\/span>\n<span class=\"wpcf7-form-control-wrap\" data-name=\"your-subject\"><input size=\"40\" maxlength=\"400\" class=\"wpcf7-form-control wpcf7-text dm_main_sub_7\" aria-invalid=\"false\" placeholder=\"Temat\" value=\"\" type=\"text\" name=\"your-subject\" \/><\/span>\n<span class=\"wpcf7-form-control-wrap\" data-name=\"your-email\"><input size=\"40\" maxlength=\"400\" class=\"wpcf7-form-control wpcf7-email wpcf7-text wpcf7-validates-as-email dm_main_email_7\" aria-invalid=\"false\" placeholder=\"Email\" value=\"\" type=\"email\" name=\"your-email\" \/><\/span>\n<input class=\"wpcf7-form-control wpcf7-submit has-spinner dm_submit_button\" type=\"submit\" value=\"Wy\u015blij\" \/>\n\n<\/div>\n<\/div><div class=\"wpcf7-response-output\" aria-hidden=\"true\"><\/div>\n<\/form>\n<\/div>\n\t\t\t\t\t\t\t\t<\/div>\n\t\t\t\t<\/div>\n\t\t\t\t\t<\/div>\n\t\t<\/div>\n\t\t\t\t\t<\/div>\n\t\t<\/section>\n\t\t\t\t<\/div>\n\t\t","protected":false},"excerpt":{"rendered":"<p>Potrzebujesz pluginu lub szablonu kt\u00f3rego nie ma na naszej stronie? A mo\u017ce potrzebujesz aktualizacji? Napisz do nas a zrobimy co w naszej mocy aby spe\u0142ni\u0107 Twoje potrzeby! Zalecamy kontakt przez mail technik404@gmail.com<\/p>\n","protected":false},"author":1,"featured_media":0,"parent":0,"menu_order":0,"comment_status":"closed","ping_status":"closed","template":"full-width-template.php","meta":{"_acf_changed":false,"footnotes":""},"class_list":["post-293","page","type-page","status-publish","hentry"],"acf":[],"yoast_head":"<!-- This site is optimized with the Yoast SEO Premium plugin v24.4 (Yoast SEO v24.4) - https:\/\/yoast.com\/wordpress\/plugins\/seo\/ -->\n<title>Kontakt - Nukleus.pl - Pluginy i Wtyczki Wordpress i WooCommerce<\/title>\n<meta name=\"robots\" content=\"index, follow, max-snippet:-1, max-image-preview:large, max-video-preview:-1\" \/>\n<link rel=\"canonical\" href=\"https:\/\/nukleus.pl\/wordpress\/kontakt\/\" \/>\n<meta property=\"og:locale\" content=\"pl_PL\" \/>\n<meta property=\"og:type\" content=\"article\" \/>\n<meta property=\"og:title\" content=\"Kontakt\" \/>\n<meta property=\"og:description\" content=\"Potrzebujesz pluginu lub szablonu kt\u00f3rego nie ma na naszej stronie? A mo\u017ce potrzebujesz aktualizacji? Napisz do nas a zrobimy co w naszej mocy aby spe\u0142ni\u0107 Twoje potrzeby! Zalecamy kontakt przez mail technik404@gmail.com\" \/>\n<meta property=\"og:url\" content=\"https:\/\/nukleus.pl\/wordpress\/kontakt\/\" \/>\n<meta property=\"og:site_name\" content=\"Nukleus.pl - Pluginy i Wtyczki Wordpress i WooCommerce\" \/>\n<meta property=\"article:modified_time\" content=\"2021-04-01T09:08:27+00:00\" \/>\n<meta name=\"twitter:card\" content=\"summary_large_image\" \/>\n<script type=\"application\/ld+json\" class=\"yoast-schema-graph\">{\"@context\":\"https:\/\/schema.org\",\"@graph\":[{\"@type\":\"WebPage\",\"@id\":\"https:\/\/nukleus.pl\/wordpress\/kontakt\/\",\"url\":\"https:\/\/nukleus.pl\/wordpress\/kontakt\/\",\"name\":\"Kontakt - Nukleus.pl - Pluginy i Wtyczki Wordpress i WooCommerce\",\"isPartOf\":{\"@id\":\"https:\/\/nukleus.pl\/wordpress\/#website\"},\"datePublished\":\"2018-03-23T10:07:53+00:00\",\"dateModified\":\"2021-04-01T09:08:27+00:00\",\"breadcrumb\":{\"@id\":\"https:\/\/nukleus.pl\/wordpress\/kontakt\/#breadcrumb\"},\"inLanguage\":\"pl-PL\",\"potentialAction\":[{\"@type\":\"ReadAction\",\"target\":[\"https:\/\/nukleus.pl\/wordpress\/kontakt\/\"]}]},{\"@type\":\"BreadcrumbList\",\"@id\":\"https:\/\/nukleus.pl\/wordpress\/kontakt\/#breadcrumb\",\"itemListElement\":[{\"@type\":\"ListItem\",\"position\":1,\"name\":\"Home\",\"item\":\"https:\/\/nukleus.pl\/wordpress\/\"},{\"@type\":\"ListItem\",\"position\":2,\"name\":\"Kontakt\"}]},{\"@type\":\"WebSite\",\"@id\":\"https:\/\/nukleus.pl\/wordpress\/#website\",\"url\":\"https:\/\/nukleus.pl\/wordpress\/\",\"name\":\"Nukleus.pl - Pluginy i Wtyczki Wordpress i WooCommerce\",\"description\":\"Znajdziesz tu najlepsze wtyczki takie jak Elementor, WpBakery, Divi i wiele innych!\",\"publisher\":{\"@id\":\"https:\/\/nukleus.pl\/wordpress\/#organization\"},\"potentialAction\":[{\"@type\":\"SearchAction\",\"target\":{\"@type\":\"EntryPoint\",\"urlTemplate\":\"https:\/\/nukleus.pl\/wordpress\/?s={search_term_string}\"},\"query-input\":{\"@type\":\"PropertyValueSpecification\",\"valueRequired\":true,\"valueName\":\"search_term_string\"}}],\"inLanguage\":\"pl-PL\"},{\"@type\":\"Organization\",\"@id\":\"https:\/\/nukleus.pl\/wordpress\/#organization\",\"name\":\"Maciej Trznadel Us\u0142ugi Informatyczne\",\"url\":\"https:\/\/nukleus.pl\/wordpress\/\",\"logo\":{\"@type\":\"ImageObject\",\"inLanguage\":\"pl-PL\",\"@id\":\"https:\/\/nukleus.pl\/wordpress\/#\/schema\/logo\/image\/\",\"url\":\"https:\/\/www.nukleus.pl\/wordpress\/wp-content\/uploads\/2021\/01\/cropped-352nucleus-35000_1280-32x32-1.png\",\"contentUrl\":\"https:\/\/www.nukleus.pl\/wordpress\/wp-content\/uploads\/2021\/01\/cropped-352nucleus-35000_1280-32x32-1.png\",\"width\":32,\"height\":32,\"caption\":\"Maciej Trznadel Us\u0142ugi Informatyczne\"},\"image\":{\"@id\":\"https:\/\/nukleus.pl\/wordpress\/#\/schema\/logo\/image\/\"}}]}<\/script>\n<!-- \/ Yoast SEO Premium plugin. -->","yoast_head_json":{"title":"Kontakt - Nukleus.pl - Pluginy i Wtyczki Wordpress i WooCommerce","robots":{"index":"index","follow":"follow","max-snippet":"max-snippet:-1","max-image-preview":"max-image-preview:large","max-video-preview":"max-video-preview:-1"},"canonical":"https:\/\/nukleus.pl\/wordpress\/kontakt\/","og_locale":"pl_PL","og_type":"article","og_title":"Kontakt","og_description":"Potrzebujesz pluginu lub szablonu kt\u00f3rego nie ma na naszej stronie? A mo\u017ce potrzebujesz aktualizacji? Napisz do nas a zrobimy co w naszej mocy aby spe\u0142ni\u0107 Twoje potrzeby! Zalecamy kontakt przez mail technik404@gmail.com","og_url":"https:\/\/nukleus.pl\/wordpress\/kontakt\/","og_site_name":"Nukleus.pl - Pluginy i Wtyczki Wordpress i WooCommerce","article_modified_time":"2021-04-01T09:08:27+00:00","twitter_card":"summary_large_image","schema":{"@context":"https:\/\/schema.org","@graph":[{"@type":"WebPage","@id":"https:\/\/nukleus.pl\/wordpress\/kontakt\/","url":"https:\/\/nukleus.pl\/wordpress\/kontakt\/","name":"Kontakt - Nukleus.pl - Pluginy i Wtyczki Wordpress i WooCommerce","isPartOf":{"@id":"https:\/\/nukleus.pl\/wordpress\/#website"},"datePublished":"2018-03-23T10:07:53+00:00","dateModified":"2021-04-01T09:08:27+00:00","breadcrumb":{"@id":"https:\/\/nukleus.pl\/wordpress\/kontakt\/#breadcrumb"},"inLanguage":"pl-PL","potentialAction":[{"@type":"ReadAction","target":["https:\/\/nukleus.pl\/wordpress\/kontakt\/"]}]},{"@type":"BreadcrumbList","@id":"https:\/\/nukleus.pl\/wordpress\/kontakt\/#breadcrumb","itemListElement":[{"@type":"ListItem","position":1,"name":"Home","item":"https:\/\/nukleus.pl\/wordpress\/"},{"@type":"ListItem","position":2,"name":"Kontakt"}]},{"@type":"WebSite","@id":"https:\/\/nukleus.pl\/wordpress\/#website","url":"https:\/\/nukleus.pl\/wordpress\/","name":"Nukleus.pl - Pluginy i Wtyczki Wordpress i WooCommerce","description":"Znajdziesz tu najlepsze wtyczki takie jak Elementor, WpBakery, Divi i wiele innych!","publisher":{"@id":"https:\/\/nukleus.pl\/wordpress\/#organization"},"potentialAction":[{"@type":"SearchAction","target":{"@type":"EntryPoint","urlTemplate":"https:\/\/nukleus.pl\/wordpress\/?s={search_term_string}"},"query-input":{"@type":"PropertyValueSpecification","valueRequired":true,"valueName":"search_term_string"}}],"inLanguage":"pl-PL"},{"@type":"Organization","@id":"https:\/\/nukleus.pl\/wordpress\/#organization","name":"Maciej Trznadel Us\u0142ugi Informatyczne","url":"https:\/\/nukleus.pl\/wordpress\/","logo":{"@type":"ImageObject","inLanguage":"pl-PL","@id":"https:\/\/nukleus.pl\/wordpress\/#\/schema\/logo\/image\/","url":"https:\/\/www.nukleus.pl\/wordpress\/wp-content\/uploads\/2021\/01\/cropped-352nucleus-35000_1280-32x32-1.png","contentUrl":"https:\/\/www.nukleus.pl\/wordpress\/wp-content\/uploads\/2021\/01\/cropped-352nucleus-35000_1280-32x32-1.png","width":32,"height":32,"caption":"Maciej Trznadel Us\u0142ugi Informatyczne"},"image":{"@id":"https:\/\/nukleus.pl\/wordpress\/#\/schema\/logo\/image\/"}}]}},"_links":{"self":[{"href":"https:\/\/nukleus.pl\/wordpress\/wp-json\/wp\/v2\/pages\/293","targetHints":{"allow":["GET"]}}],"collection":[{"href":"https:\/\/nukleus.pl\/wordpress\/wp-json\/wp\/v2\/pages"}],"about":[{"href":"https:\/\/nukleus.pl\/wordpress\/wp-json\/wp\/v2\/types\/page"}],"author":[{"embeddable":true,"href":"https:\/\/nukleus.pl\/wordpress\/wp-json\/wp\/v2\/users\/1"}],"replies":[{"embeddable":true,"href":"https:\/\/nukleus.pl\/wordpress\/wp-json\/wp\/v2\/comments?post=293"}],"version-history":[{"count":7,"href":"https:\/\/nukleus.pl\/wordpress\/wp-json\/wp\/v2\/pages\/293\/revisions"}],"predecessor-version":[{"id":4474,"href":"https:\/\/nukleus.pl\/wordpress\/wp-json\/wp\/v2\/pages\/293\/revisions\/4474"}],"wp:attachment":[{"href":"https:\/\/nukleus.pl\/wordpress\/wp-json\/wp\/v2\/media?parent=293"}],"curies":[{"name":"wp","href":"https:\/\/api.w.org\/{rel}","templated":true}]}}